{"id":151,"date":"2025-02-12T09:48:51","date_gmt":"2025-02-12T09:48:51","guid":{"rendered":"https:\/\/wli.online\/?page_id=151"},"modified":"2025-02-12T10:05:53","modified_gmt":"2025-02-12T10:05:53","slug":"clp","status":"publish","type":"page","link":"https:\/\/wli.online\/index.php\/clp\/","title":{"rendered":"CLP"},"content":{"rendered":"\t\t<div data-elementor-type=\"wp-page\" data-elementor-id=\"151\" class=\"elementor elementor-151\">\n\t\t\t\t<div class=\"elementor-element elementor-element-377b74b e-flex e-con-boxed e-con e-parent\" data-id=\"377b74b\" data-element_type=\"container\" data-settings=\"{&quot;background_background&quot;:&quot;classic&quot;}\">\n\t\t\t\t\t<div class=\"e-con-inner\">\n\t\t\t\t<div class=\"elementor-element elementor-element-d3de9ff elementor-widget elementor-widget-text-editor\" data-id=\"d3de9ff\" data-element_type=\"widget\" data-widget_type=\"text-editor.default\">\n\t\t\t\t<div class=\"elementor-widget-container\">\n\t\t\t\t\t\t\t\t\t<p>\u00a0<\/p><p><b>WetLabeling<\/b> Initiative<\/p>\t\t\t\t\t\t\t\t<\/div>\n\t\t\t\t<\/div>\n\t\t\t\t<div class=\"elementor-element elementor-element-0c8137d elementor-view-default elementor-widget elementor-widget-icon\" data-id=\"0c8137d\" data-element_type=\"widget\" data-widget_type=\"icon.default\">\n\t\t\t\t<div class=\"elementor-widget-container\">\n\t\t\t\t\t\t\t<div class=\"elementor-icon-wrapper\">\n\t\t\t<a class=\"elementor-icon\" href=\"https:\/\/wli.online\/\">\n\t\t\t<svg aria-hidden=\"true\" class=\"e-font-icon-svg e-fas-home\" viewBox=\"0 0 576 512\" xmlns=\"http:\/\/www.w3.org\/2000\/svg\"><path d=\"M280.37 148.26L96 300.11V464a16 16 0 0 0 16 16l112.06-.29a16 16 0 0 0 15.92-16V368a16 16 0 0 1 16-16h64a16 16 0 0 1 16 16v95.64a16 16 0 0 0 16 16.05L464 480a16 16 0 0 0 16-16V300L295.67 148.26a12.19 12.19 0 0 0-15.3 0zM571.6 251.47L488 182.56V44.05a12 12 0 0 0-12-12h-56a12 12 0 0 0-12 12v72.61L318.47 43a48 48 0 0 0-61 0L4.34 251.47a12 12 0 0 0-1.6 16.9l25.5 31A12 12 0 0 0 45.15 301l235.22-193.74a12.19 12.19 0 0 1 15.3 0L530.9 301a12 12 0 0 0 16.9-1.6l25.5-31a12 12 0 0 0-1.7-16.93z\"><\/path><\/svg>\t\t\t<\/a>\n\t\t<\/div>\n\t\t\t\t\t\t<\/div>\n\t\t\t\t<\/div>\n\t\t\t\t\t<\/div>\n\t\t\t\t<\/div>\n\t\t<div class=\"elementor-element elementor-element-3fbed2b e-flex e-con-boxed e-con e-parent\" data-id=\"3fbed2b\" data-element_type=\"container\" data-settings=\"{&quot;background_background&quot;:&quot;classic&quot;}\">\n\t\t\t\t\t<div class=\"e-con-inner\">\n\t\t\t\t<div class=\"elementor-element elementor-element-6b5a383 elementor-widget elementor-widget-text-editor\" data-id=\"6b5a383\" data-element_type=\"widget\" data-widget_type=\"text-editor.default\">\n\t\t\t\t<div class=\"elementor-widget-container\">\n\t\t\t\t\t\t\t\t\t<p><a class=\"elementor-toggle-title\" tabindex=\"0\">Wie kann dabei unterst\u00fctzt werden, die Anpassung der CLP-Verordnung f\u00fcr Gefahrstoffe auf den Etiketten umzusetzen?<\/a><\/p>\t\t\t\t\t\t\t\t<\/div>\n\t\t\t\t<\/div>\n\t\t\t\t\t<\/div>\n\t\t\t\t<\/div>\n\t\t<div class=\"elementor-element elementor-element-d572f83 e-flex e-con-boxed e-con e-parent\" data-id=\"d572f83\" data-element_type=\"container\">\n\t\t\t\t\t<div class=\"e-con-inner\">\n\t\t\t\t<div class=\"elementor-element elementor-element-ffca7d1 elementor-widget elementor-widget-text-editor\" data-id=\"ffca7d1\" data-element_type=\"widget\" data-widget_type=\"text-editor.default\">\n\t\t\t\t<div class=\"elementor-widget-container\">\n\t\t\t\t\t\t\t\t\t<p class=\"p1\"><span class=\"s1\">F\u00fcr die Anpassung der Etiketten gem\u00e4\u00df der CLP-Verordnung kann umfassende Unterst\u00fctzung angeboten werden \u2013 neben Mehrlagigen Etiketten k\u00f6nnen sowohl bei der Datenaufbereitung als auch bei der Satz- und Layoutbearbeitung. Dies umfasst:<\/span><\/p><p class=\"p2\"><span class=\"s1\">2. <\/span><span class=\"s1\"><b>mehrlagige Etiketten:<\/b><\/span><\/p><p class=\"p3\"><span class=\"s1\">\u2022 der gsteigerte Platzbedarf kann durch mehrere Lagen in den Etiketten erzielt werden.<\/span><\/p><p class=\"p2\"><span class=\"s1\">2. <\/span><span class=\"s1\"><b>Datenaufbereitung:<\/b><\/span><\/p><p class=\"p3\"><span class=\"s1\">\u2022 Verarbeitung und Strukturierung bestehender offener Daten, um sie f\u00fcr die Etikettengestaltung normgerecht aufzubereiten.<\/span><\/p><p class=\"p3\"><span class=\"s1\">\u2022 Extraktion und Aufbereitung relevanter Inhalte aus geschlossenen PDF-Dokumenten, um \u00c4nderungen gem\u00e4\u00df der Verordnung einzupflegen.<\/span><\/p><p class=\"p2\"><span class=\"s1\">3. <b>Satz und Layoutbearbeitung:<\/b><\/span><\/p><p class=\"p3\"><span class=\"s1\">\u2022 Erstellung und Bearbeitung von Etikettenlayouts unter Ber\u00fccksichtigung der CLP-Vorgaben (z. B. Piktogramme, Signalw\u00f6rter, Gefahren- und Sicherheitshinweise).<\/span><\/p><p class=\"p3\"><span class=\"s1\">\u2022 Anpassung von vorhandenen Designs, um den gesetzlichen Anforderungen zu entsprechen.<\/span><\/p><p class=\"p1\"><span class=\"s1\">Durch diese Leistungen wird sichergestellt, dass Ihre Etiketten den aktuellen Anforderungen der CLP-Verordnung entsprechen und rechtssicher umgesetzt werden k\u00f6nnen.<\/span><\/p>\t\t\t\t\t\t\t\t<\/div>\n\t\t\t\t<\/div>\n\t\t\t\t\t<\/div>\n\t\t\t\t<\/div>\n\t\t\t\t<\/div>\n\t\t","protected":false},"excerpt":{"rendered":"<p>\u00a0 WetLabeling Initiative Wie kann dabei unterst\u00fctzt werden, die Anpassung der CLP-Verordnung f\u00fcr Gefahrstoffe auf den Etiketten umzusetzen? F\u00fcr die Anpassung der Etiketten gem\u00e4\u00df der CLP-Verordnung kann umfassende Unterst\u00fctzung angeboten werden \u2013 neben Mehrlagigen Etiketten k\u00f6nnen sowohl bei der Datenaufbereitung als auch bei der Satz- und Layoutbearbeitung. Dies umfasst: 2. mehrlagige Etiketten: \u2022 der gsteigerte [&hellip;]<\/p>\n","protected":false},"author":1,"featured_media":0,"parent":0,"menu_order":0,"comment_status":"closed","ping_status":"closed","template":"","meta":{"footnotes":""},"class_list":["post-151","page","type-page","status-publish","hentry"],"yoast_head":"<!-- This site is optimized with the Yoast SEO plugin v24.4 - https:\/\/yoast.com\/wordpress\/plugins\/seo\/ -->\n<title>CLP - WetLabeling-Initiative<\/title>\n<meta name=\"robots\" content=\"index, follow, max-snippet:-1, max-image-preview:large, max-video-preview:-1\" \/>\n<link rel=\"canonical\" href=\"https:\/\/wli.online\/index.php\/clp\/\" \/>\n<meta property=\"og:locale\" content=\"de_DE\" \/>\n<meta property=\"og:type\" content=\"article\" \/>\n<meta property=\"og:title\" content=\"CLP - WetLabeling-Initiative\" \/>\n<meta property=\"og:description\" content=\"\u00a0 WetLabeling Initiative Wie kann dabei unterst\u00fctzt werden, die Anpassung der CLP-Verordnung f\u00fcr Gefahrstoffe auf den Etiketten umzusetzen? F\u00fcr die Anpassung der Etiketten gem\u00e4\u00df der CLP-Verordnung kann umfassende Unterst\u00fctzung angeboten werden \u2013 neben Mehrlagigen Etiketten k\u00f6nnen sowohl bei der Datenaufbereitung als auch bei der Satz- und Layoutbearbeitung. Dies umfasst: 2. mehrlagige Etiketten: \u2022 der gsteigerte [&hellip;]\" \/>\n<meta property=\"og:url\" content=\"https:\/\/wli.online\/index.php\/clp\/\" \/>\n<meta property=\"og:site_name\" content=\"WetLabeling-Initiative\" \/>\n<meta property=\"article:modified_time\" content=\"2025-02-12T10:05:53+00:00\" \/>\n<meta name=\"twitter:card\" content=\"summary_large_image\" \/>\n<meta name=\"twitter:label1\" content=\"Gesch\u00e4tzte Lesezeit\" \/>\n\t<meta name=\"twitter:data1\" content=\"1\u00a0Minute\" \/>\n<script type=\"application\/ld+json\" class=\"yoast-schema-graph\">{\"@context\":\"https:\/\/schema.org\",\"@graph\":[{\"@type\":\"WebPage\",\"@id\":\"https:\/\/wli.online\/index.php\/clp\/\",\"url\":\"https:\/\/wli.online\/index.php\/clp\/\",\"name\":\"CLP - WetLabeling-Initiative\",\"isPartOf\":{\"@id\":\"https:\/\/wli.online\/#website\"},\"datePublished\":\"2025-02-12T09:48:51+00:00\",\"dateModified\":\"2025-02-12T10:05:53+00:00\",\"breadcrumb\":{\"@id\":\"https:\/\/wli.online\/index.php\/clp\/#breadcrumb\"},\"inLanguage\":\"de\",\"potentialAction\":[{\"@type\":\"ReadAction\",\"target\":[\"https:\/\/wli.online\/index.php\/clp\/\"]}]},{\"@type\":\"BreadcrumbList\",\"@id\":\"https:\/\/wli.online\/index.php\/clp\/#breadcrumb\",\"itemListElement\":[{\"@type\":\"ListItem\",\"position\":1,\"name\":\"Startseite\",\"item\":\"https:\/\/wli.online\/\"},{\"@type\":\"ListItem\",\"position\":2,\"name\":\"CLP\"}]},{\"@type\":\"WebSite\",\"@id\":\"https:\/\/wli.online\/#website\",\"url\":\"https:\/\/wli.online\/\",\"name\":\"WetLabeling-Initiative\",\"description\":\"\",\"potentialAction\":[{\"@type\":\"SearchAction\",\"target\":{\"@type\":\"EntryPoint\",\"urlTemplate\":\"https:\/\/wli.online\/?s={search_term_string}\"},\"query-input\":{\"@type\":\"PropertyValueSpecification\",\"valueRequired\":true,\"valueName\":\"search_term_string\"}}],\"inLanguage\":\"de\"}]}<\/script>\n<!-- \/ Yoast SEO plugin. -->","yoast_head_json":{"title":"CLP - WetLabeling-Initiative","robots":{"index":"index","follow":"follow","max-snippet":"max-snippet:-1","max-image-preview":"max-image-preview:large","max-video-preview":"max-video-preview:-1"},"canonical":"https:\/\/wli.online\/index.php\/clp\/","og_locale":"de_DE","og_type":"article","og_title":"CLP - WetLabeling-Initiative","og_description":"\u00a0 WetLabeling Initiative Wie kann dabei unterst\u00fctzt werden, die Anpassung der CLP-Verordnung f\u00fcr Gefahrstoffe auf den Etiketten umzusetzen? F\u00fcr die Anpassung der Etiketten gem\u00e4\u00df der CLP-Verordnung kann umfassende Unterst\u00fctzung angeboten werden \u2013 neben Mehrlagigen Etiketten k\u00f6nnen sowohl bei der Datenaufbereitung als auch bei der Satz- und Layoutbearbeitung. Dies umfasst: 2. mehrlagige Etiketten: \u2022 der gsteigerte [&hellip;]","og_url":"https:\/\/wli.online\/index.php\/clp\/","og_site_name":"WetLabeling-Initiative","article_modified_time":"2025-02-12T10:05:53+00:00","twitter_card":"summary_large_image","twitter_misc":{"Gesch\u00e4tzte Lesezeit":"1\u00a0Minute"},"schema":{"@context":"https:\/\/schema.org","@graph":[{"@type":"WebPage","@id":"https:\/\/wli.online\/index.php\/clp\/","url":"https:\/\/wli.online\/index.php\/clp\/","name":"CLP - WetLabeling-Initiative","isPartOf":{"@id":"https:\/\/wli.online\/#website"},"datePublished":"2025-02-12T09:48:51+00:00","dateModified":"2025-02-12T10:05:53+00:00","breadcrumb":{"@id":"https:\/\/wli.online\/index.php\/clp\/#breadcrumb"},"inLanguage":"de","potentialAction":[{"@type":"ReadAction","target":["https:\/\/wli.online\/index.php\/clp\/"]}]},{"@type":"BreadcrumbList","@id":"https:\/\/wli.online\/index.php\/clp\/#breadcrumb","itemListElement":[{"@type":"ListItem","position":1,"name":"Startseite","item":"https:\/\/wli.online\/"},{"@type":"ListItem","position":2,"name":"CLP"}]},{"@type":"WebSite","@id":"https:\/\/wli.online\/#website","url":"https:\/\/wli.online\/","name":"WetLabeling-Initiative","description":"","potentialAction":[{"@type":"SearchAction","target":{"@type":"EntryPoint","urlTemplate":"https:\/\/wli.online\/?s={search_term_string}"},"query-input":{"@type":"PropertyValueSpecification","valueRequired":true,"valueName":"search_term_string"}}],"inLanguage":"de"}]}},"_links":{"self":[{"href":"https:\/\/wli.online\/index.php\/wp-json\/wp\/v2\/pages\/151","targetHints":{"allow":["GET"]}}],"collection":[{"href":"https:\/\/wli.online\/index.php\/wp-json\/wp\/v2\/pages"}],"about":[{"href":"https:\/\/wli.online\/index.php\/wp-json\/wp\/v2\/types\/page"}],"author":[{"embeddable":true,"href":"https:\/\/wli.online\/index.php\/wp-json\/wp\/v2\/users\/1"}],"replies":[{"embeddable":true,"href":"https:\/\/wli.online\/index.php\/wp-json\/wp\/v2\/comments?post=151"}],"version-history":[{"count":10,"href":"https:\/\/wli.online\/index.php\/wp-json\/wp\/v2\/pages\/151\/revisions"}],"predecessor-version":[{"id":167,"href":"https:\/\/wli.online\/index.php\/wp-json\/wp\/v2\/pages\/151\/revisions\/167"}],"wp:attachment":[{"href":"https:\/\/wli.online\/index.php\/wp-json\/wp\/v2\/media?parent=151"}],"curies":[{"name":"wp","href":"https:\/\/api.w.org\/{rel}","templated":true}]}}